{"id":131,"date":"2025-02-21T13:33:06","date_gmt":"2025-02-21T13:33:06","guid":{"rendered":"https:\/\/dimoratalenti.creamtest.it\/?page_id=131"},"modified":"2025-05-08T17:54:02","modified_gmt":"2025-05-08T17:54:02","slug":"la-depandance","status":"publish","type":"page","link":"https:\/\/www.dimoratalenti.it\/en\/la-depandance\/","title":{"rendered":"The depandance"},"content":{"rendered":"<div style=\"height:50px\" aria-hidden=\"true\" class=\"wp-block-spacer\"><\/div>\n\n\n\n<p class=\"has-text-align-center\" style=\"font-style:normal;font-weight:500;text-transform:uppercase\">IN THE HEART OF POLIGNANO<\/p>\n\n\n\n<div class=\"wp-block-group padded-content\"><div class=\"wp-block-group__inner-container is-layout-constrained wp-block-group-is-layout-constrained\">\n<p class=\"has-text-align-center\">In the heart of Polignano<br>\nFor those seeking an exclusive and independent stay, our annexes offer accommodations detached from the main buildings, yet always just steps from the wonders of Polignano.<br>\nLocated in the historic center, these lodgings are ideal for those who wish to experience the city with maximum freedom and comfort, without sacrificing the elegance and authenticity of the spaces crafted by Dimora Talenti.<\/p>\n\n\n\n<div style=\"height:100px\" aria-hidden=\"true\" class=\"wp-block-spacer\"><\/div>\n<\/div><\/div>\n\n\n\n<div class=\"wp-block-columns is-layout-flex wp-container-core-columns-is-layout-9d6595d7 wp-block-columns-is-layout-flex\">\n<div class=\"wp-block-column is-layout-flow wp-block-column-is-layout-flow\" style=\"flex-basis:25%\">\n<div class=\"wp-block-group sticky-bwa bwa-top-60 contenitore-indice\"><div class=\"wp-block-group__inner-container is-layout-constrained wp-block-group-is-layout-constrained\">\n<ul style=\"text-transform:uppercase\" class=\"wp-block-list indice-camere has-medium-font-size\">\n<li><a href=\"#zora\">Guest house<\/a><\/li>\n\n\n\n<li><a href=\"#fedora\">One-bedroom apartment<\/a><\/li>\n<\/ul>\n<\/div><\/div>\n<\/div>\n\n\n\n<div class=\"wp-block-column is-layout-flow wp-block-column-is-layout-flow\" style=\"flex-basis:75%\">\n<div class=\"wp-block-columns are-vertically-aligned-bottom camera is-layout-flex wp-container-core-columns-is-layout-9d6595d7 wp-block-columns-is-layout-flex\" id=\"zora\">\n<div class=\"wp-block-column is-vertically-aligned-bottom is-layout-flow wp-block-column-is-layout-flow\" style=\"flex-basis:66%\">\n<h3 class=\"wp-block-heading has-text-align-center has-text-color has-link-color wp-elements-ab72eb30505632812ad7a1240c5a7d47\" style=\"color:#ce916c\">Teodora<\/h3>\n\n\n\n<div class=\"wp-block-cover is-light masked-window\" style=\"min-height:600px;aspect-ratio:unset;\"><img width=\"2000\" height=\"1335\" class=\"wp-block-cover__image-background wp-image-205 lazyload bwa-img\" alt=\"\" data-src=\"https:\/\/www.dimoratalenti.it\/wp-content\/uploads\/2025\/02\/Guesthouse4.webp\" style=\"object-position:68% 49%\" data-object-fit=\"cover\" data-object-position=\"68% 49%\" srcset=\"https:\/\/www.dimoratalenti.it\/wp-content\/uploads\/2025\/02\/Guesthouse4.webp 2000w, https:\/\/www.dimoratalenti.it\/wp-content\/uploads\/2025\/02\/Guesthouse4-300x200.webp 300w, https:\/\/www.dimoratalenti.it\/wp-content\/uploads\/2025\/02\/Guesthouse4-1024x684.webp 1024w, https:\/\/www.dimoratalenti.it\/wp-content\/uploads\/2025\/02\/Guesthouse4-768x513.webp 768w, https:\/\/www.dimoratalenti.it\/wp-content\/uploads\/2025\/02\/Guesthouse4-1536x1025.webp 1536w, https:\/\/www.dimoratalenti.it\/wp-content\/uploads\/2025\/02\/Guesthouse4-960x640.webp 960w, https:\/\/www.dimoratalenti.it\/wp-content\/uploads\/2025\/02\/Guesthouse4-1200x801.webp 1200w\" sizes=\"(max-width: 2000px) 100vw, 2000px\" \/><span aria-hidden=\"true\" class=\"wp-block-cover__background has-background-dim-0 has-background-dim\" style=\"background-color:#c6c5c4\"><\/span><div class=\"wp-block-cover__inner-container is-layout-flow wp-block-cover-is-layout-flow\"><a class=\"cover-link\" href=\"https:\/\/www.dimoratalenti.it\/en\/la-depandance\/teodora\/\"><\/a>\n<\/div><\/div>\n<\/div>\n\n\n\n<div class=\"wp-block-column is-vertically-aligned-bottom is-layout-flow wp-block-column-is-layout-flow\" style=\"flex-basis:34%\">\n<p class=\"has-text-align-center\">Our guest house boasts a strategic location, situated on a quiet side street off Via Roma, one block from the famous Grotta Palazzese and just steps from Polignano\u2019s main attractions.<\/p>\n\n\n\n<hr class=\"wp-block-separator has-alpha-channel-opacity\"\/>\n\n\n\n<div class=\"wp-block-columns is-layout-flex wp-container-core-columns-is-layout-9d6595d7 wp-block-columns-is-layout-flex\">\n<div class=\"wp-block-column is-layout-flow wp-block-column-is-layout-flow\" style=\"flex-basis:50%\">\n<p class=\"has-text-align-center has-text-color has-link-color wp-elements-2852f5c5af997dc14e0494763f9d8b4f\" style=\"color:#ce916c;text-transform:uppercase\">Occupancy<\/p>\n\n\n\n<p class=\"has-text-align-center\">2 adults<\/p>\n<\/div>\n\n\n\n<div class=\"wp-block-column is-layout-flow wp-block-column-is-layout-flow\" style=\"flex-basis:50%\">\n<p class=\"has-text-align-center has-text-color has-link-color wp-elements-67b617d1728454643946a9a6d092a94e\" style=\"color:#ce916c;text-transform:uppercase\">Area<\/p>\n\n\n\n<p class=\"has-text-align-center\">45 m<sup>2<\/sup><\/p>\n<\/div>\n<\/div>\n\n\n\n<div class=\"wp-block-columns is-layout-flex wp-container-core-columns-is-layout-9d6595d7 wp-block-columns-is-layout-flex\">\n<div class=\"wp-block-column is-layout-flow wp-block-column-is-layout-flow\" style=\"flex-basis:50%\">\n<p class=\"has-text-align-center has-text-color has-link-color wp-elements-9627efadaa9e2433eb1ba4f1446a4678\" style=\"color:#ce916c;text-transform:uppercase\">View<\/p>\n\n\n\n<p class=\"has-text-align-center\">Sea view<\/p>\n<\/div>\n\n\n\n<div class=\"wp-block-column is-layout-flow wp-block-column-is-layout-flow\" style=\"flex-basis:50%\">\n<p class=\"has-text-align-center has-text-color has-link-color wp-elements-a74c63e742ae5d72c4d152729ca7bc2c\" style=\"color:#ce916c;text-transform:uppercase\">Bed<\/p>\n\n\n\n<p class=\"has-text-align-center\">Large double bed<\/p>\n<\/div>\n<\/div>\n\n\n\n<div class=\"wp-block-buttons is-content-justification-center is-layout-flex wp-container-core-buttons-is-layout-16018d1d wp-block-buttons-is-layout-flex\">\n<div class=\"wp-block-button is-style-outline is-style-outline--1\"><a class=\"wp-block-button__link has-text-color has-link-color wp-element-button\" href=\"https:\/\/www.dimoratalenti.it\/en\/la-depandance\/teodora\/\" style=\"border-radius:0px;color:#ce916c\">Discover more<\/a><\/div>\n<\/div>\n<\/div>\n<\/div>\n\n\n\n<div style=\"height:100px\" aria-hidden=\"true\" class=\"wp-block-spacer\"><\/div>\n\n\n\n<div class=\"wp-block-columns are-vertically-aligned-bottom camera is-layout-flex wp-container-core-columns-is-layout-9d6595d7 wp-block-columns-is-layout-flex\" id=\"zora\">\n<div class=\"wp-block-column is-vertically-aligned-bottom is-layout-flow wp-block-column-is-layout-flow\" style=\"flex-basis:66%\">\n<h3 class=\"wp-block-heading has-text-align-center has-text-color has-link-color wp-elements-1ebe1b1fb80ee6ac73334026fc4a2c94\" style=\"color:#ce916c\">Isidora<\/h3>\n\n\n\n<div class=\"wp-block-cover is-light masked-window\" style=\"min-height:600px;aspect-ratio:unset;\"><img width=\"1729\" height=\"1424\" class=\"wp-block-cover__image-background wp-image-209 lazyload bwa-img\" alt=\"\" data-src=\"https:\/\/www.dimoratalenti.it\/wp-content\/uploads\/2025\/02\/ISIDORA.webp\" style=\"object-position:32% 54%\" data-object-fit=\"cover\" data-object-position=\"32% 54%\" srcset=\"https:\/\/www.dimoratalenti.it\/wp-content\/uploads\/2025\/02\/ISIDORA.webp 1729w, https:\/\/www.dimoratalenti.it\/wp-content\/uploads\/2025\/02\/ISIDORA-300x247.webp 300w, https:\/\/www.dimoratalenti.it\/wp-content\/uploads\/2025\/02\/ISIDORA-1024x843.webp 1024w, https:\/\/www.dimoratalenti.it\/wp-content\/uploads\/2025\/02\/ISIDORA-768x633.webp 768w, https:\/\/www.dimoratalenti.it\/wp-content\/uploads\/2025\/02\/ISIDORA-1536x1265.webp 1536w, https:\/\/www.dimoratalenti.it\/wp-content\/uploads\/2025\/02\/ISIDORA-1200x988.webp 1200w\" sizes=\"(max-width: 1729px) 100vw, 1729px\" \/><span aria-hidden=\"true\" class=\"wp-block-cover__background has-background-dim-0 has-background-dim\" style=\"background-color:#a5a7af\"><\/span><div class=\"wp-block-cover__inner-container is-layout-flow wp-block-cover-is-layout-flow\"><a class=\"cover-link\" href=\"https:\/\/www.dimoratalenti.it\/en\/la-depandance\/isidora-2\/\"><\/a>\n<\/div><\/div>\n<\/div>\n\n\n\n<div class=\"wp-block-column is-vertically-aligned-bottom is-layout-flow wp-block-column-is-layout-flow\" style=\"flex-basis:34%\">\n<p class=\"has-text-align-center\">Located in the heart of the historic center, Isidora is a ground-floor room of approximately 35 m\u00b2, perfect for those seeking practicality and comfort without sacrificing style.<\/p>\n\n\n\n<hr class=\"wp-block-separator has-alpha-channel-opacity\"\/>\n\n\n\n<div class=\"wp-block-columns is-layout-flex wp-container-core-columns-is-layout-9d6595d7 wp-block-columns-is-layout-flex\">\n<div class=\"wp-block-column is-layout-flow wp-block-column-is-layout-flow\" style=\"flex-basis:50%\">\n<p class=\"has-text-align-center has-text-color has-link-color wp-elements-2852f5c5af997dc14e0494763f9d8b4f\" style=\"color:#ce916c;text-transform:uppercase\">Occupancy<\/p>\n\n\n\n<p class=\"has-text-align-center\">2 adults<\/p>\n<\/div>\n\n\n\n<div class=\"wp-block-column is-layout-flow wp-block-column-is-layout-flow\" style=\"flex-basis:50%\">\n<p class=\"has-text-align-center has-text-color has-link-color wp-elements-67b617d1728454643946a9a6d092a94e\" style=\"color:#ce916c;text-transform:uppercase\">Area<\/p>\n\n\n\n<p class=\"has-text-align-center\">35 m<sup>2<\/sup><\/p>\n<\/div>\n<\/div>\n\n\n\n<div class=\"wp-block-columns is-layout-flex wp-container-core-columns-is-layout-9d6595d7 wp-block-columns-is-layout-flex\">\n<div class=\"wp-block-column is-layout-flow wp-block-column-is-layout-flow\" style=\"flex-basis:50%\">\n<p class=\"has-text-align-center has-text-color has-link-color wp-elements-9627efadaa9e2433eb1ba4f1446a4678\" style=\"color:#ce916c;text-transform:uppercase\">View<\/p>\n\n\n\n<p class=\"has-text-align-center\">Sea view<\/p>\n<\/div>\n\n\n\n<div class=\"wp-block-column is-layout-flow wp-block-column-is-layout-flow\" style=\"flex-basis:50%\">\n<p class=\"has-text-align-center has-text-color has-link-color wp-elements-a74c63e742ae5d72c4d152729ca7bc2c\" style=\"color:#ce916c;text-transform:uppercase\">Bed<\/p>\n\n\n\n<p class=\"has-text-align-center\">Large double bed<\/p>\n<\/div>\n<\/div>\n\n\n\n<div class=\"wp-block-buttons is-content-justification-center is-layout-flex wp-container-core-buttons-is-layout-16018d1d wp-block-buttons-is-layout-flex\">\n<div class=\"wp-block-button is-style-outline is-style-outline--2\"><a class=\"wp-block-button__link has-text-color has-link-color wp-element-button\" href=\"https:\/\/www.dimoratalenti.it\/en\/la-depandance\/isidora-2\/\" style=\"border-radius:0px;color:#ce916c\">Discover more<\/a><\/div>\n<\/div>\n<\/div>\n<\/div>\n<\/div>\n<\/div>","protected":false},"excerpt":{"rendered":"<p>NEL CUORE DI POLIGNANO Nel cuore di Polignano Per chi cerca un soggiorno esclusivo e indipendente, le nostre dependance offrono soluzioni distaccate dai palazzi principali, ma sempre a due passi dalle meraviglie di Polignano. Situate nel pieno centro storico, queste sistemazioni sono ideali per chi desidera vivere la citt\u00e0 con la massima libert\u00e0 e comodit\u00e0, [&hellip;]<\/p>","protected":false},"author":1,"featured_media":204,"parent":0,"menu_order":17,"comment_status":"closed","ping_status":"closed","template":"","meta":{"footnotes":""},"class_list":["post-131","page","type-page","status-publish","has-post-thumbnail","hentry"],"_links":{"self":[{"href":"https:\/\/www.dimoratalenti.it\/en\/wp-json\/wp\/v2\/pages\/131","targetHints":{"allow":["GET"]}}],"collection":[{"href":"https:\/\/www.dimoratalenti.it\/en\/wp-json\/wp\/v2\/pages"}],"about":[{"href":"https:\/\/www.dimoratalenti.it\/en\/wp-json\/wp\/v2\/types\/page"}],"author":[{"embeddable":true,"href":"https:\/\/www.dimoratalenti.it\/en\/wp-json\/wp\/v2\/users\/1"}],"replies":[{"embeddable":true,"href":"https:\/\/www.dimoratalenti.it\/en\/wp-json\/wp\/v2\/comments?post=131"}],"version-history":[{"count":14,"href":"https:\/\/www.dimoratalenti.it\/en\/wp-json\/wp\/v2\/pages\/131\/revisions"}],"predecessor-version":[{"id":791,"href":"https:\/\/www.dimoratalenti.it\/en\/wp-json\/wp\/v2\/pages\/131\/revisions\/791"}],"wp:featuredmedia":[{"embeddable":true,"href":"https:\/\/www.dimoratalenti.it\/en\/wp-json\/wp\/v2\/media\/204"}],"wp:attachment":[{"href":"https:\/\/www.dimoratalenti.it\/en\/wp-json\/wp\/v2\/media?parent=131"}],"curies":[{"name":"wp","href":"https:\/\/api.w.org\/{rel}","templated":true}]}}